{"id":14290,"date":"2026-02-03T08:14:49","date_gmt":"2026-02-03T13:14:49","guid":{"rendered":"https:\/\/www.coopersurgical.com\/?page_id=14290"},"modified":"2026-05-01T10:13:59","modified_gmt":"2026-05-01T14:13:59","slug":"so-bestellen-sie-produkte-bei-coopersurgical","status":"publish","type":"page","link":"https:\/\/www.coopersurgical.com\/de\/so-bestellen-sie-produkte-bei-coopersurgical\/","title":{"rendered":"So bestellen Sie Produkte bei CooperSurgical"},"content":{"rendered":"\n<figure class=\"wp-block-image size-full custom-background-image wp-duotone-unset-1 block-visibility-hide-medium-screen block-visibility-hide-small-screen\"><img loading=\"lazy\" decoding=\"async\" width=\"1920\" height=\"800\" src=\"https:\/\/www.coopersurgical.com\/wp-content\/uploads\/2025\/08\/WorldMap-BG-20.jpg\" alt=\"\" class=\"wp-image-12362\" srcset=\"https:\/\/www.coopersurgical.com\/wp-content\/uploads\/2025\/08\/WorldMap-BG-20.jpg 1920w, https:\/\/www.coopersurgical.com\/wp-content\/uploads\/2025\/08\/WorldMap-BG-20-300x125.jpg 300w, https:\/\/www.coopersurgical.com\/wp-content\/uploads\/2025\/08\/WorldMap-BG-20-1024x427.jpg 1024w, https:\/\/www.coopersurgical.com\/wp-content\/uploads\/2025\/08\/WorldMap-BG-20-768x320.jpg 768w, https:\/\/www.coopersurgical.com\/wp-content\/uploads\/2025\/08\/WorldMap-BG-20-1536x640.jpg 1536w\" sizes=\"auto, (max-width: 1920px) 100vw, 1920px\" \/><\/figure>\n\n\n\n<div class=\"wp-block-group has-global-padding is-layout-constrained wp-block-group-is-layout-constrained\" style=\"margin-top:0;padding-top:0;padding-bottom:0\">\n<div class=\"wp-block-columns is-layout-flex wp-container-core-columns-is-layout-28f84493 wp-block-columns-is-layout-flex\">\n<div class=\"wp-block-column is-layout-flow wp-block-column-is-layout-flow\">\n<figure class=\"wp-block-image size-large block-visibility-hide-large-screen\"><img loading=\"lazy\" decoding=\"async\" width=\"1024\" height=\"557\" src=\"https:\/\/www.coopersurgical.com\/wp-content\/uploads\/2025\/08\/WorldMap-BG-mobile-20-1024x557.jpg\" alt=\"\" class=\"wp-image-12363\" srcset=\"https:\/\/www.coopersurgical.com\/wp-content\/uploads\/2025\/08\/WorldMap-BG-mobile-20-1024x557.jpg 1024w, https:\/\/www.coopersurgical.com\/wp-content\/uploads\/2025\/08\/WorldMap-BG-mobile-20-300x163.jpg 300w, https:\/\/www.coopersurgical.com\/wp-content\/uploads\/2025\/08\/WorldMap-BG-mobile-20-768x418.jpg 768w, https:\/\/www.coopersurgical.com\/wp-content\/uploads\/2025\/08\/WorldMap-BG-mobile-20.jpg 1166w\" sizes=\"auto, (max-width: 1024px) 100vw, 1024px\" \/><\/figure>\n\n\n\n<h1 class=\"wp-block-heading has-max-48-font-size\" style=\"font-style:normal;font-weight:400;text-transform:none\">So bestellen Sie Produkte bei CooperSurgical<\/h1>\n<\/div>\n<\/div>\n<\/div>\n\n\n\n<div class=\"wp-block-group has-global-padding is-layout-constrained wp-block-group-is-layout-constrained\">\n<div class=\"wp-block-group has-border-color has-white-background-color has-background has-global-padding is-layout-constrained wp-block-group-is-layout-constrained\" style=\"border-color:#f5f5f5;border-top-left-radius:10px;border-top-right-radius:10px;border-bottom-left-radius:10px;border-bottom-right-radius:10px;margin-bottom:0;padding-top:var(--wp--preset--spacing--x-small);padding-bottom:var(--wp--preset--spacing--x-small)\">\n<div class=\"wp-block-columns is-layout-flex wp-container-core-columns-is-layout-acd6bf2e wp-block-columns-is-layout-flex\" style=\"border-top-left-radius:0px;border-top-right-radius:0px;border-bottom-left-radius:0px;border-bottom-right-radius:0px;padding-top:var(--wp--preset--spacing--x-small);padding-right:var(--wp--preset--spacing--x-small);padding-bottom:0;padding-left:var(--wp--preset--spacing--x-small)\">\n<div class=\"wp-block-column is-vertically-aligned-center is-layout-flow wp-block-column-is-layout-flow\" style=\"padding-right:0;padding-left:0\">\n<div class=\"wp-block-buttons is-content-justification-left is-layout-flex wp-container-core-buttons-is-layout-0373423a wp-block-buttons-is-layout-flex\" style=\"border-radius:0px\">\n<div class=\"wp-block-button\"><a class=\"wp-block-button__link has-tan-to-orange-gradient-background has-background has-heading-5-font-size has-custom-font-size wp-element-button\" style=\"border-radius:0px;padding-top:0;padding-right:var(--wp--preset--spacing--x-small);padding-bottom:0;padding-left:var(--wp--preset--spacing--x-small);font-style:normal;font-weight:600\"><strong>Neu f\u00fcr europ\u00e4ische M\u00e4rkte<\/strong><\/a><\/div>\n<\/div>\n\n\n\n<p class=\"has-large-font-size\">Kunden aus dem Vereinigten K\u00f6nigreich, Spanien, Italien, Deutschland und Frankreich k\u00f6nnen ihre Bestellungen nun direkt in unserem europ\u00e4ischen Kontaktzentrum aufgeben und ben\u00f6tigen hierf\u00fcr keinen Vertriebsh\u00e4ndler mehr.<\/p>\n<\/div>\n<\/div>\n\n\n\n<div class=\"wp-block-group has-global-padding is-layout-constrained wp-container-core-group-is-layout-c312d2cd wp-block-group-is-layout-constrained\" style=\"padding-right:var(--wp--preset--spacing--x-small);padding-left:var(--wp--preset--spacing--x-small)\">\n<p class=\"has-text-align-left has-heading-4-font-size\" style=\"font-style:normal;font-weight:500\"><strong>W\u00e4hlen Sie das Bestellverfahren, das Ihre Bed\u00fcrfnisse erf\u00fcllt<\/strong><\/p>\n\n\n\n<div class=\"wp-block-columns is-layout-flex wp-container-core-columns-is-layout-59e203da wp-block-columns-is-layout-flex\" style=\"padding-right:0;padding-left:0\">\n<div class=\"wp-block-column is-layout-flow wp-container-core-column-is-layout-8a368f38 wp-block-column-is-layout-flow\" style=\"flex-basis:50%\">\n<div class=\"wp-block-columns is-not-stacked-on-mobile is-layout-flex wp-container-core-columns-is-layout-9c22b1e3 wp-block-columns-is-layout-flex\">\n<div class=\"wp-block-column is-layout-flow wp-block-column-is-layout-flow\" style=\"flex-basis:10%\">\n<div class=\"wp-block-outermost-icon-block\"><div class=\"icon-container has-icon-color has-purple-color\" style=\"color:#6C2196;width:48px;transform:rotate(0deg) scaleX(1) scaleY(1)\"><svg xmlns=\"http:\/\/www.w3.org\/2000\/svg\" viewBox=\"0 0 24 24\" aria-hidden=\"true\"><path d=\"M15 4H9c-1.1 0-2 .9-2 2v12c0 1.1.9 2 2 2h6c1.1 0 2-.9 2-2V6c0-1.1-.9-2-2-2zm.5 14c0 .3-.2.5-.5.5H9c-.3 0-.5-.2-.5-.5V6c0-.3.2-.5.5-.5h6c.3 0 .5.2.5.5v12zm-4.5-.5h2V16h-2v1.5z\"><\/path><\/svg><\/div><\/div>\n<\/div>\n\n\n\n<div class=\"wp-block-column is-layout-flow wp-block-column-is-layout-flow\" style=\"flex-basis:90%\">\n<p><strong>Telefonisch<\/strong><br>Rufen Sie unser europ\u00e4isches Kontaktzentrum in Ihrer Region unter der unten aufgef\u00fchrten Telefonnummer an.<\/p>\n<\/div>\n<\/div>\n<\/div>\n\n\n\n<div class=\"wp-block-column is-layout-flow wp-block-column-is-layout-flow\" style=\"flex-basis:50%\">\n<div class=\"wp-block-columns is-not-stacked-on-mobile is-layout-flex wp-container-core-columns-is-layout-9c22b1e3 wp-block-columns-is-layout-flex\">\n<div class=\"wp-block-column is-layout-flow wp-block-column-is-layout-flow\" style=\"flex-basis:10%\">\n<div class=\"wp-block-outermost-icon-block\"><div class=\"icon-container has-icon-color has-purple-color\" style=\"color:#6C2196;width:48px;transform:rotate(0deg) scaleX(1) scaleY(1)\"><svg xmlns=\"http:\/\/www.w3.org\/2000\/svg\" viewBox=\"0 0 24 24\" aria-hidden=\"true\"><path d=\"M20,4H4C2.895,4,2,4.895,2,6v12c0,1.105,0.895,2,2,2h16c1.105,0,2-0.895,2-2V6C22,4.895,21.105,4,20,4z M20,8.236l-8,4.882 L4,8.236V6h16V8.236z\"><\/path><\/svg><\/div><\/div>\n<\/div>\n\n\n\n<div class=\"wp-block-column is-layout-flow wp-block-column-is-layout-flow\" style=\"flex-basis:90%\">\n<p><strong>Per E-Mail<\/strong><br>Senden Sie Ihre Bestellung oder Anfrage an die unten stehende E-Mail-Adresse f\u00fcr Ihre Region.<br>Vergessen Sie nicht, Angaben zum Produkt, der Menge und Ihren Kundenkontodaten zu machen.<\/p>\n<\/div>\n<\/div>\n<\/div>\n<\/div>\n<\/div>\n<\/div>\n<\/div>\n\n\n\n<div class=\"wp-block-group has-global-padding is-layout-constrained wp-block-group-is-layout-constrained\" style=\"margin-top:var(--wp--preset--spacing--medium);margin-bottom:0\">\n<div class=\"wp-block-columns has-white-background-color has-background is-layout-flex wp-container-core-columns-is-layout-28f84493 wp-block-columns-is-layout-flex\">\n<div class=\"wp-block-column is-layout-flow wp-block-column-is-layout-flow\" style=\"padding-right:0;padding-left:0;flex-basis:50%\">\n<h3 class=\"wp-block-heading has-purple-color has-text-color has-link-color wp-elements-edd7d679532343aa40fde8bd7713e74c\" style=\"border-bottom-color:var(--wp--preset--color--purple);border-bottom-width:2px;margin-bottom:var(--wp--preset--spacing--small);text-transform:none\"><strong>USA und Kanada<\/strong><\/h3>\n\n\n\n<div class=\"wp-block-columns is-layout-flex wp-container-core-columns-is-layout-59e203da wp-block-columns-is-layout-flex\" style=\"padding-right:0;padding-left:0\">\n<div class=\"wp-block-column is-layout-flow wp-container-core-column-is-layout-8a368f38 wp-block-column-is-layout-flow\" style=\"flex-basis:100%\"><div class=\"gb-container gb-container-20ced92e\"><a class=\"gb-container-link\" href=\"\/contact-us\/contact-medical-devices-sales-representative\/\" rel=\"sponsored noopener noreferrer\" target=\"_blank\"><\/a>\n\n<div class=\"wp-block-columns is-not-stacked-on-mobile is-layout-flex wp-container-core-columns-is-layout-9c22b1e3 wp-block-columns-is-layout-flex\">\n<div class=\"wp-block-column is-layout-flow wp-block-column-is-layout-flow\" style=\"flex-basis:20%\">\n<figure class=\"wp-block-image size-full\"><img loading=\"lazy\" decoding=\"async\" width=\"384\" height=\"151\" src=\"https:\/\/www.coopersurgical.com\/wp-content\/uploads\/2025\/08\/Rectangle-1-4.png\" alt=\"Finden Sie einen lokalen Vertreter\" class=\"wp-image-12372\" style=\"aspect-ratio:2.544150605109816\" srcset=\"https:\/\/www.coopersurgical.com\/wp-content\/uploads\/2025\/08\/Rectangle-1-4.png 384w, https:\/\/www.coopersurgical.com\/wp-content\/uploads\/2025\/08\/Rectangle-1-4-300x118.png 300w\" sizes=\"auto, (max-width: 384px) 100vw, 384px\" \/><\/figure>\n<\/div>\n\n\n\n<div class=\"wp-block-column is-vertically-aligned-center is-layout-flow wp-block-column-is-layout-flow\" style=\"flex-basis:80%\">\n<p class=\"has-heading-5-font-size\"><strong>Lokalen Vertriebsvertreter finden<\/strong><\/p>\n<\/div>\n<\/div>\n\n<\/div>\n\n<div class=\"gb-container gb-container-c2f133eb\"><a class=\"gb-container-link\" href=\"\/contact-us\/contact-medical-devices-general-inquiry-form\/\" rel=\"sponsored\"><\/a>\n\n<div class=\"wp-block-columns is-not-stacked-on-mobile is-layout-flex wp-container-core-columns-is-layout-9c22b1e3 wp-block-columns-is-layout-flex\">\n<div class=\"wp-block-column is-layout-flow wp-block-column-is-layout-flow\" style=\"flex-basis:20%\">\n<figure class=\"wp-block-image size-full\"><img loading=\"lazy\" decoding=\"async\" width=\"384\" height=\"151\" src=\"https:\/\/www.coopersurgical.com\/wp-content\/uploads\/2025\/08\/Rectangle-1-6.png\" alt=\"Allgemeine Anfrage\" class=\"wp-image-12370\" style=\"aspect-ratio:2.544150605109816\" srcset=\"https:\/\/www.coopersurgical.com\/wp-content\/uploads\/2025\/08\/Rectangle-1-6.png 384w, https:\/\/www.coopersurgical.com\/wp-content\/uploads\/2025\/08\/Rectangle-1-6-300x118.png 300w\" sizes=\"auto, (max-width: 384px) 100vw, 384px\" \/><\/figure>\n<\/div>\n\n\n\n<div class=\"wp-block-column is-vertically-aligned-center is-layout-flow wp-block-column-is-layout-flow\" style=\"flex-basis:80%\">\n<p class=\"has-heading-5-font-size\"><strong>Allgemeine Anfragen<\/strong><\/p>\n<\/div>\n<\/div>\n\n<\/div>\n\n<div class=\"gb-container gb-container-ccdd79e1\"><a class=\"gb-container-link\" href=\"https:\/\/www.coopersurgical.com\/ecommerce\/\" rel=\"noopener noreferrer\" target=\"_blank\"><\/a>\n\n<div class=\"wp-block-columns is-not-stacked-on-mobile is-layout-flex wp-container-core-columns-is-layout-9c22b1e3 wp-block-columns-is-layout-flex\">\n<div class=\"wp-block-column is-layout-flow wp-block-column-is-layout-flow\" style=\"flex-basis:20%\">\n<figure class=\"wp-block-image size-full\"><img loading=\"lazy\" decoding=\"async\" width=\"384\" height=\"151\" src=\"https:\/\/www.coopersurgical.com\/wp-content\/uploads\/2026\/02\/rectangle-ecommerce.png\" alt=\"\" class=\"wp-image-14195\" style=\"aspect-ratio:2.544150605109816\" srcset=\"https:\/\/www.coopersurgical.com\/wp-content\/uploads\/2026\/02\/rectangle-ecommerce.png 384w, https:\/\/www.coopersurgical.com\/wp-content\/uploads\/2026\/02\/rectangle-ecommerce-300x118.png 300w\" sizes=\"auto, (max-width: 384px) 100vw, 384px\" \/><\/figure>\n<\/div>\n\n\n\n<div class=\"wp-block-column is-vertically-aligned-center is-layout-flow wp-block-column-is-layout-flow\" style=\"flex-basis:80%\">\n<p class=\"has-heading-5-font-size\"><strong>Ecommerce-Site<\/strong><\/p>\n<\/div>\n<\/div>\n\n<\/div><\/div>\n<\/div>\n<\/div>\n\n\n\n<div class=\"wp-block-column is-layout-flow wp-block-column-is-layout-flow\" style=\"flex-basis:50%\">\n<h3 class=\"wp-block-heading has-purple-color has-text-color has-link-color wp-elements-e88d84ac68dfeef74c0fdcd76a8cb070\" style=\"border-top-style:none;border-top-width:0px;border-right-style:none;border-right-width:0px;border-bottom-color:var(--wp--preset--color--purple);border-bottom-width:2px;border-left-style:none;border-left-width:0px;margin-bottom:var(--wp--preset--spacing--small);padding-bottom:0;text-transform:none\"><strong>Europa<\/strong><\/h3>\n\n\n\n<p><\/p>\n\n\n\n<p class=\"has-medium-font-size\"><strong>Internationaler Kundenservice: <\/strong> <br>E-Mail: <a href=\"mailto:cintlcs@coopersurgical.com\" target=\"_blank\" rel=\"noreferrer noopener\">intlcs@coopersurgical.com<\/a><br>Telefon: <a target=\"_blank\" rel=\"noreferrer noopener\"><strong>+1 203 601 5200<\/strong><\/a>, w\u00e4hlen Sie Option 2<\/p>\n\n\n\n<p class=\"has-medium-font-size\"><strong>Vereinigtes K\u00f6nigreich und Irland: <\/strong><br>E-Mail: <a href=\"mailto:customerserviceuk@coopersurgical.com\" target=\"_blank\" rel=\"noreferrer noopener\">customerserviceuk@coopersurgical.com<\/a><br>Telefon: <a target=\"_blank\" rel=\"noreferrer noopener\"><strong>+44 1737 243 869<\/strong><\/a><\/p>\n\n\n\n<p class=\"has-medium-font-size\"><strong>DACH-L\u00e4nder:<\/strong><br>E-Mail: <a href=\"mailto:infoDACH@coopersurgical.com\" target=\"_blank\" rel=\"noreferrer noopener\">infoDACH@coopersurgical.com<\/a> <br>Telefon: <a target=\"_blank\" rel=\"noreferrer noopener\"><strong>+49 30 8573 0150<\/strong><\/a><\/p>\n\n\n\n<p class=\"has-medium-font-size\"><strong>Benelux-Staaten: <\/strong><br>E-Mail: <a href=\"mailto:salesbx@coopersurgical.com\" target=\"_blank\" rel=\"noreferrer noopener\">salesbx@coopersurgical.com<\/a> <br>Telefon: <a target=\"_blank\" rel=\"noreferrer noopener\"><strong>+31 (0)77 799 8107<\/strong><\/a><\/p>\n\n\n\n<p class=\"has-medium-font-size\"><strong>Frankreich: <\/strong><br>E-Mail: <a href=\"mailto:Contact-FR@coopersurgical.com\" target=\"_blank\" rel=\"noreferrer noopener\">Contact-FR@coopersurgical.com<\/a> <br>Telefon: <a target=\"_blank\" rel=\"noreferrer noopener\"><strong>+33 (0)1 30 97 48 00<\/strong><\/a><\/p>\n\n\n\n<p class=\"has-medium-font-size\"><strong>Italien: <\/strong><br>E-Mail: <a href=\"mailto:Contact-IT@coopersurgical.com\" target=\"_blank\" rel=\"noreferrer noopener\">Contact-IT@coopersurgical.com<\/a> <br>Telefon: <strong>+39 06 69427218<\/strong><\/p>\n\n\n\n<p class=\"has-medium-font-size\"><strong>Iberische Halbinsel:<\/strong><br>E-Mail: <a href=\"mailto:informacion@coopersurgical.com\" target=\"_blank\" rel=\"noreferrer noopener\">informacion@coopersurgical.com<\/a> <br>Telefon: <a target=\"_blank\" rel=\"noreferrer noopener\"><strong>+34 931 998 118<\/strong><\/a><\/p>\n\n\n\n<p class=\"has-medium-font-size\"><strong>\u00dcbriges Europa: <\/strong><br>E-Mail: <a href=\"mailto:sales@coopersurgical.com\" target=\"_blank\" rel=\"noreferrer noopener\">sales@coopersurgical.com<\/a> <br>Telefon: <a target=\"_blank\" rel=\"noreferrer noopener\"><strong>+45 88744210<\/strong><\/a><\/p>\n<\/div>\n<\/div>\n<\/div>\n\n\n\n<div style=\"height:254px\" aria-hidden=\"true\" class=\"wp-block-spacer\"><\/div>\n\n\n\n<div class=\"wp-block-group alignfull has-global-padding is-layout-constrained wp-block-group-is-layout-constrained\" style=\"margin-top:0;margin-bottom:0\">\n<figure class=\"wp-block-image alignfull size-full\"><img loading=\"lazy\" decoding=\"async\" width=\"4096\" height=\"374\" src=\"https:\/\/www.coopersurgical.com\/wp-content\/uploads\/2023\/06\/Wave-Purple.png\" alt=\"\" class=\"wp-image-2704\" srcset=\"https:\/\/www.coopersurgical.com\/wp-content\/uploads\/2023\/06\/Wave-Purple.png 4096w, https:\/\/www.coopersurgical.com\/wp-content\/uploads\/2023\/06\/Wave-Purple-300x27.png 300w, https:\/\/www.coopersurgical.com\/wp-content\/uploads\/2023\/06\/Wave-Purple-1024x94.png 1024w, https:\/\/www.coopersurgical.com\/wp-content\/uploads\/2023\/06\/Wave-Purple-768x70.png 768w, https:\/\/www.coopersurgical.com\/wp-content\/uploads\/2023\/06\/Wave-Purple-1536x140.png 1536w, https:\/\/www.coopersurgical.com\/wp-content\/uploads\/2023\/06\/Wave-Purple-2048x187.png 2048w\" sizes=\"auto, (max-width: 4096px) 100vw, 4096px\" \/><\/figure>\n<\/div>\n","protected":false},"excerpt":{"rendered":"<p>So bestellen Sie Produkte bei CooperSurgical Kunden aus dem Vereinigten K\u00f6nigreich, Spanien, Italien, Deutschland und Frankreich k\u00f6nnen ihre Bestellungen nun&#8230;<\/p>\n","protected":false},"author":9,"featured_media":0,"parent":0,"menu_order":0,"comment_status":"closed","ping_status":"closed","template":"no-title","meta":{"_acf_changed":false,"footnotes":""},"class_list":["post-14290","page","type-page","status-publish","hentry"],"acf":[],"_links":{"self":[{"href":"https:\/\/www.coopersurgical.com\/de\/wp-json\/wp\/v2\/pages\/14290","targetHints":{"allow":["GET"]}}],"collection":[{"href":"https:\/\/www.coopersurgical.com\/de\/wp-json\/wp\/v2\/pages"}],"about":[{"href":"https:\/\/www.coopersurgical.com\/de\/wp-json\/wp\/v2\/types\/page"}],"author":[{"embeddable":true,"href":"https:\/\/www.coopersurgical.com\/de\/wp-json\/wp\/v2\/users\/9"}],"replies":[{"embeddable":true,"href":"https:\/\/www.coopersurgical.com\/de\/wp-json\/wp\/v2\/comments?post=14290"}],"version-history":[{"count":0,"href":"https:\/\/www.coopersurgical.com\/de\/wp-json\/wp\/v2\/pages\/14290\/revisions"}],"wp:attachment":[{"href":"https:\/\/www.coopersurgical.com\/de\/wp-json\/wp\/v2\/media?parent=14290"}],"curies":[{"name":"wp","href":"https:\/\/api.w.org\/{rel}","templated":true}]}}